{"id":62,"date":"2021-06-28T12:30:21","date_gmt":"2021-06-28T09:30:21","guid":{"rendered":"http:\/\/sasagroupdefence.com\/tr\/?page_id=62"},"modified":"2022-06-21T12:00:08","modified_gmt":"2022-06-21T09:00:08","slug":"urunler","status":"publish","type":"page","link":"https:\/\/sasagroupdefence.com\/tr\/urunler\/","title":{"rendered":"\u00dcr\u00fcnler"},"content":{"rendered":"<p><img loading=\"lazy\" decoding=\"async\" class=\"alignnone size-medium wp-image-2333\" src=\"http:\/\/sasagroupdefence.com\/tr\/wp-content\/uploads\/2022\/05\/SG3-durbun-3-300x100.png\" alt=\"\" width=\"300\" height=\"100\" srcset=\"https:\/\/sasagroupdefence.com\/tr\/wp-content\/uploads\/2022\/05\/SG3-durbun-3-300x100.png 300w, https:\/\/sasagroupdefence.com\/tr\/wp-content\/uploads\/2022\/05\/SG3-durbun-3-768x256.png 768w, https:\/\/sasagroupdefence.com\/tr\/wp-content\/uploads\/2022\/05\/SG3-durbun-3-315x105.png 315w, https:\/\/sasagroupdefence.com\/tr\/wp-content\/uploads\/2022\/05\/SG3-durbun-3.png 1024w\" sizes=\"auto, (max-width: 300px) 100vw, 300px\" \/><\/p>\n<p>Sasa Group taraf\u0131ndan \u00fcretilen av t\u00fcfekleri; <a href=\"https:\/\/sasagroupdefence.com\/tr\/sarjorlu-yari-otomatik\/\">\u015farj\u00f6rl\u00fc yar\u0131 otomatik<\/a>, <a href=\"https:\/\/sasagroupdefence.com\/tr\/pompali\/\">pompal\u0131<\/a>,<a href=\"https:\/\/sasagroupdefence.com\/tr\/yari-otomatik\/\"> yar\u0131 otomatik<\/a>, <a href=\"https:\/\/sasagroupdefence.com\/tr\/pompali-taktikal\/\">taktikal pompal\u0131<\/a>, <a href=\"https:\/\/sasagroupdefence.com\/tr\/cek-birak\/\">\u00e7ek b\u0131rak<\/a>, <a href=\"https:\/\/sasagroupdefence.com\/tr\/super-poze\/\">s\u00fcper poze<\/a> , <a href=\"https:\/\/sasagroupdefence.com\/tr\/revolver\/\">revolver<\/a>, <a href=\"https:\/\/sasagroupdefence.com\/tr\/pcp\/\">pcp<\/a> ve <a href=\"https:\/\/sasagroupdefence.com\/tr\/kuru-siki\/\">kuru s\u0131k\u0131<\/a>&#8216;d\u0131r. \u00dcretilen av t\u00fcfeklerinin yan\u0131 s\u0131ra av t\u00fcfekleri i\u00e7in <a href=\"https:\/\/sasagroupdefence.com\/tr\/yedek-parcalar\/\">yedek par\u00e7alar<\/a>da \u00fcretilmektedir.<\/p>\n<p><a href=\"https:\/\/www.multiyazilim.com\">multiyaz\u0131l\u0131m<\/a><\/p>\n","protected":false},"excerpt":{"rendered":"<p>Sasa Group taraf\u0131ndan \u00fcretilen av t\u00fcfekleri; \u015farj\u00f6rl\u00fc yar\u0131 otomatik, pompal\u0131, yar\u0131 otomatik, taktikal pompal\u0131, \u00e7ek b\u0131rak, s\u00fcper poze , revolver, pcp ve kuru s\u0131k\u0131&#8216;d\u0131r. \u00dcretilen av t\u00fcfeklerinin yan\u0131 s\u0131ra av t\u00fcfekleri i\u00e7in yedek par\u00e7alarda \u00fcretilmektedir. multiyaz\u0131l\u0131m<\/p>\n","protected":false},"author":1,"featured_media":0,"parent":0,"menu_order":0,"comment_status":"closed","ping_status":"closed","template":"","meta":{"_acf_changed":false,"footnotes":""},"class_list":["post-62","page","type-page","status-publish","hentry"],"acf":[],"yoast_head":"<!-- This site is optimized with the Yoast SEO plugin v27.1.1 - https:\/\/yoast.com\/product\/yoast-seo-wordpress\/ -->\n<title>\u00dcr\u00fcnler - Sasa Group Defence Industry<\/title>\n<meta name=\"description\" content=\"\u00dcr\u00fcnler... Sasa Group taraf\u0131ndan \u00fcretilen av t\u00fcfekleri; \u015farj\u00f6rl\u00fc yar\u0131 otomatik, pompal\u0131, yar\u0131 otomatik, taktikal pompal\u0131, \u00e7ek b\u0131rak, s\u00fcper...\" \/>\n<meta name=\"robots\" content=\"index, follow, max-snippet:-1, max-image-preview:large, max-video-preview:-1\" \/>\n<link rel=\"canonical\" href=\"https:\/\/sasagroupdefence.com\/tr\/urunler\/\" \/>\n<meta property=\"og:locale\" content=\"tr_TR\" \/>\n<meta property=\"og:type\" content=\"article\" \/>\n<meta property=\"og:title\" content=\"\u00dcr\u00fcnler - Sasa Group Defence Industry\" \/>\n<meta property=\"og:description\" content=\"\u00dcr\u00fcnler... Sasa Group taraf\u0131ndan \u00fcretilen av t\u00fcfekleri; \u015farj\u00f6rl\u00fc yar\u0131 otomatik, pompal\u0131, yar\u0131 otomatik, taktikal pompal\u0131, \u00e7ek b\u0131rak, s\u00fcper...\" \/>\n<meta property=\"og:url\" content=\"https:\/\/sasagroupdefence.com\/tr\/urunler\/\" \/>\n<meta property=\"og:site_name\" content=\"Sasa Group Defence Industry\" \/>\n<meta property=\"article:modified_time\" content=\"2022-06-21T09:00:08+00:00\" \/>\n<meta property=\"og:image\" content=\"http:\/\/sasagroupdefence.com\/tr\/wp-content\/uploads\/2022\/05\/SG3-durbun-3-300x100.png\" \/>\n<meta name=\"twitter:card\" content=\"summary_large_image\" \/>\n<script type=\"application\/ld+json\" class=\"yoast-schema-graph\">{\"@context\":\"https:\/\/schema.org\",\"@graph\":[{\"@type\":\"WebPage\",\"@id\":\"https:\/\/sasagroupdefence.com\/tr\/urunler\/\",\"url\":\"https:\/\/sasagroupdefence.com\/tr\/urunler\/\",\"name\":\"\u00dcr\u00fcnler - Sasa Group Defence Industry\",\"isPartOf\":{\"@id\":\"https:\/\/sasagroupdefence.com\/tr\/#website\"},\"primaryImageOfPage\":{\"@id\":\"https:\/\/sasagroupdefence.com\/tr\/urunler\/#primaryimage\"},\"image\":{\"@id\":\"https:\/\/sasagroupdefence.com\/tr\/urunler\/#primaryimage\"},\"thumbnailUrl\":\"http:\/\/sasagroupdefence.com\/tr\/wp-content\/uploads\/2022\/05\/SG3-durbun-3-300x100.png\",\"datePublished\":\"2021-06-28T09:30:21+00:00\",\"dateModified\":\"2022-06-21T09:00:08+00:00\",\"description\":\"\u00dcr\u00fcnler... Sasa Group taraf\u0131ndan \u00fcretilen av t\u00fcfekleri; \u015farj\u00f6rl\u00fc yar\u0131 otomatik, pompal\u0131, yar\u0131 otomatik, taktikal pompal\u0131, \u00e7ek b\u0131rak, s\u00fcper...\",\"breadcrumb\":{\"@id\":\"https:\/\/sasagroupdefence.com\/tr\/urunler\/#breadcrumb\"},\"inLanguage\":\"tr\",\"potentialAction\":[{\"@type\":\"ReadAction\",\"target\":[\"https:\/\/sasagroupdefence.com\/tr\/urunler\/\"]}]},{\"@type\":\"ImageObject\",\"inLanguage\":\"tr\",\"@id\":\"https:\/\/sasagroupdefence.com\/tr\/urunler\/#primaryimage\",\"url\":\"http:\/\/sasagroupdefence.com\/tr\/wp-content\/uploads\/2022\/05\/SG3-durbun-3-300x100.png\",\"contentUrl\":\"http:\/\/sasagroupdefence.com\/tr\/wp-content\/uploads\/2022\/05\/SG3-durbun-3-300x100.png\"},{\"@type\":\"BreadcrumbList\",\"@id\":\"https:\/\/sasagroupdefence.com\/tr\/urunler\/#breadcrumb\",\"itemListElement\":[{\"@type\":\"ListItem\",\"position\":1,\"name\":\"Anasayfa\",\"item\":\"https:\/\/sasagroupdefence.com\/tr\/\"},{\"@type\":\"ListItem\",\"position\":2,\"name\":\"\u00dcr\u00fcnler\"}]},{\"@type\":\"WebSite\",\"@id\":\"https:\/\/sasagroupdefence.com\/tr\/#website\",\"url\":\"https:\/\/sasagroupdefence.com\/tr\/\",\"name\":\"Sasa Group Defence Industry\",\"description\":\"For The Best\",\"publisher\":{\"@id\":\"https:\/\/sasagroupdefence.com\/tr\/#organization\"},\"potentialAction\":[{\"@type\":\"SearchAction\",\"target\":{\"@type\":\"EntryPoint\",\"urlTemplate\":\"https:\/\/sasagroupdefence.com\/tr\/?s={search_term_string}\"},\"query-input\":{\"@type\":\"PropertyValueSpecification\",\"valueRequired\":true,\"valueName\":\"search_term_string\"}}],\"inLanguage\":\"tr\"},{\"@type\":\"Organization\",\"@id\":\"https:\/\/sasagroupdefence.com\/tr\/#organization\",\"name\":\"Sasa Group Defence Industry\",\"url\":\"https:\/\/sasagroupdefence.com\/tr\/\",\"logo\":{\"@type\":\"ImageObject\",\"inLanguage\":\"tr\",\"@id\":\"https:\/\/sasagroupdefence.com\/tr\/#\/schema\/logo\/image\/\",\"url\":\"https:\/\/sasagroupdefence.com\/tr\/wp-content\/uploads\/2022\/05\/logo-2.png\",\"contentUrl\":\"https:\/\/sasagroupdefence.com\/tr\/wp-content\/uploads\/2022\/05\/logo-2.png\",\"width\":200,\"height\":200,\"caption\":\"Sasa Group Defence Industry\"},\"image\":{\"@id\":\"https:\/\/sasagroupdefence.com\/tr\/#\/schema\/logo\/image\/\"}}]}<\/script>\n<!-- \/ Yoast SEO plugin. -->","yoast_head_json":{"title":"\u00dcr\u00fcnler - Sasa Group Defence Industry","description":"\u00dcr\u00fcnler... Sasa Group taraf\u0131ndan \u00fcretilen av t\u00fcfekleri; \u015farj\u00f6rl\u00fc yar\u0131 otomatik, pompal\u0131, yar\u0131 otomatik, taktikal pompal\u0131, \u00e7ek b\u0131rak, s\u00fcper...","robots":{"index":"index","follow":"follow","max-snippet":"max-snippet:-1","max-image-preview":"max-image-preview:large","max-video-preview":"max-video-preview:-1"},"canonical":"https:\/\/sasagroupdefence.com\/tr\/urunler\/","og_locale":"tr_TR","og_type":"article","og_title":"\u00dcr\u00fcnler - Sasa Group Defence Industry","og_description":"\u00dcr\u00fcnler... Sasa Group taraf\u0131ndan \u00fcretilen av t\u00fcfekleri; \u015farj\u00f6rl\u00fc yar\u0131 otomatik, pompal\u0131, yar\u0131 otomatik, taktikal pompal\u0131, \u00e7ek b\u0131rak, s\u00fcper...","og_url":"https:\/\/sasagroupdefence.com\/tr\/urunler\/","og_site_name":"Sasa Group Defence Industry","article_modified_time":"2022-06-21T09:00:08+00:00","og_image":[{"url":"http:\/\/sasagroupdefence.com\/tr\/wp-content\/uploads\/2022\/05\/SG3-durbun-3-300x100.png","type":"","width":"","height":""}],"twitter_card":"summary_large_image","schema":{"@context":"https:\/\/schema.org","@graph":[{"@type":"WebPage","@id":"https:\/\/sasagroupdefence.com\/tr\/urunler\/","url":"https:\/\/sasagroupdefence.com\/tr\/urunler\/","name":"\u00dcr\u00fcnler - Sasa Group Defence Industry","isPartOf":{"@id":"https:\/\/sasagroupdefence.com\/tr\/#website"},"primaryImageOfPage":{"@id":"https:\/\/sasagroupdefence.com\/tr\/urunler\/#primaryimage"},"image":{"@id":"https:\/\/sasagroupdefence.com\/tr\/urunler\/#primaryimage"},"thumbnailUrl":"http:\/\/sasagroupdefence.com\/tr\/wp-content\/uploads\/2022\/05\/SG3-durbun-3-300x100.png","datePublished":"2021-06-28T09:30:21+00:00","dateModified":"2022-06-21T09:00:08+00:00","description":"\u00dcr\u00fcnler... Sasa Group taraf\u0131ndan \u00fcretilen av t\u00fcfekleri; \u015farj\u00f6rl\u00fc yar\u0131 otomatik, pompal\u0131, yar\u0131 otomatik, taktikal pompal\u0131, \u00e7ek b\u0131rak, s\u00fcper...","breadcrumb":{"@id":"https:\/\/sasagroupdefence.com\/tr\/urunler\/#breadcrumb"},"inLanguage":"tr","potentialAction":[{"@type":"ReadAction","target":["https:\/\/sasagroupdefence.com\/tr\/urunler\/"]}]},{"@type":"ImageObject","inLanguage":"tr","@id":"https:\/\/sasagroupdefence.com\/tr\/urunler\/#primaryimage","url":"http:\/\/sasagroupdefence.com\/tr\/wp-content\/uploads\/2022\/05\/SG3-durbun-3-300x100.png","contentUrl":"http:\/\/sasagroupdefence.com\/tr\/wp-content\/uploads\/2022\/05\/SG3-durbun-3-300x100.png"},{"@type":"BreadcrumbList","@id":"https:\/\/sasagroupdefence.com\/tr\/urunler\/#breadcrumb","itemListElement":[{"@type":"ListItem","position":1,"name":"Anasayfa","item":"https:\/\/sasagroupdefence.com\/tr\/"},{"@type":"ListItem","position":2,"name":"\u00dcr\u00fcnler"}]},{"@type":"WebSite","@id":"https:\/\/sasagroupdefence.com\/tr\/#website","url":"https:\/\/sasagroupdefence.com\/tr\/","name":"Sasa Group Defence Industry","description":"For The Best","publisher":{"@id":"https:\/\/sasagroupdefence.com\/tr\/#organization"},"potentialAction":[{"@type":"SearchAction","target":{"@type":"EntryPoint","urlTemplate":"https:\/\/sasagroupdefence.com\/tr\/?s={search_term_string}"},"query-input":{"@type":"PropertyValueSpecification","valueRequired":true,"valueName":"search_term_string"}}],"inLanguage":"tr"},{"@type":"Organization","@id":"https:\/\/sasagroupdefence.com\/tr\/#organization","name":"Sasa Group Defence Industry","url":"https:\/\/sasagroupdefence.com\/tr\/","logo":{"@type":"ImageObject","inLanguage":"tr","@id":"https:\/\/sasagroupdefence.com\/tr\/#\/schema\/logo\/image\/","url":"https:\/\/sasagroupdefence.com\/tr\/wp-content\/uploads\/2022\/05\/logo-2.png","contentUrl":"https:\/\/sasagroupdefence.com\/tr\/wp-content\/uploads\/2022\/05\/logo-2.png","width":200,"height":200,"caption":"Sasa Group Defence Industry"},"image":{"@id":"https:\/\/sasagroupdefence.com\/tr\/#\/schema\/logo\/image\/"}}]}},"_links":{"self":[{"href":"https:\/\/sasagroupdefence.com\/tr\/wp-json\/wp\/v2\/pages\/62","targetHints":{"allow":["GET"]}}],"collection":[{"href":"https:\/\/sasagroupdefence.com\/tr\/wp-json\/wp\/v2\/pages"}],"about":[{"href":"https:\/\/sasagroupdefence.com\/tr\/wp-json\/wp\/v2\/types\/page"}],"author":[{"embeddable":true,"href":"https:\/\/sasagroupdefence.com\/tr\/wp-json\/wp\/v2\/users\/1"}],"replies":[{"embeddable":true,"href":"https:\/\/sasagroupdefence.com\/tr\/wp-json\/wp\/v2\/comments?post=62"}],"version-history":[{"count":4,"href":"https:\/\/sasagroupdefence.com\/tr\/wp-json\/wp\/v2\/pages\/62\/revisions"}],"predecessor-version":[{"id":2395,"href":"https:\/\/sasagroupdefence.com\/tr\/wp-json\/wp\/v2\/pages\/62\/revisions\/2395"}],"wp:attachment":[{"href":"https:\/\/sasagroupdefence.com\/tr\/wp-json\/wp\/v2\/media?parent=62"}],"curies":[{"name":"wp","href":"https:\/\/api.w.org\/{rel}","templated":true}]}}