{"id":60,"date":"2021-06-28T12:30:01","date_gmt":"2021-06-28T09:30:01","guid":{"rendered":"http:\/\/sasagroupdefence.com\/tr\/?page_id=60"},"modified":"2022-06-21T11:47:33","modified_gmt":"2022-06-21T08:47:33","slug":"kurumsal","status":"publish","type":"page","link":"https:\/\/sasagroupdefence.com\/tr\/kurumsal\/","title":{"rendered":"Kurumsal"},"content":{"rendered":"<p>Kurumsal<\/p>\n<p><img loading=\"lazy\" decoding=\"async\" class=\"alignnone size-medium wp-image-1606\" src=\"http:\/\/sasagroupdefence.com\/tr\/wp-content\/uploads\/2022\/05\/about-foto-276x300.jpg\" alt=\"Kurumsal\" width=\"276\" height=\"300\" srcset=\"https:\/\/sasagroupdefence.com\/tr\/wp-content\/uploads\/2022\/05\/about-foto-276x300.jpg 276w, https:\/\/sasagroupdefence.com\/tr\/wp-content\/uploads\/2022\/05\/about-foto-942x1024.jpg 942w, https:\/\/sasagroupdefence.com\/tr\/wp-content\/uploads\/2022\/05\/about-foto-768x835.jpg 768w, https:\/\/sasagroupdefence.com\/tr\/wp-content\/uploads\/2022\/05\/about-foto-1412x1536.jpg 1412w, https:\/\/sasagroupdefence.com\/tr\/wp-content\/uploads\/2022\/05\/about-foto-1883x2048.jpg 1883w, https:\/\/sasagroupdefence.com\/tr\/wp-content\/uploads\/2022\/05\/about-foto-97x105.jpg 97w, https:\/\/sasagroupdefence.com\/tr\/wp-content\/uploads\/2022\/05\/about-foto.jpg 1920w\" sizes=\"auto, (max-width: 276px) 100vw, 276px\" \/><\/p>\n<p>SASA GRUP Savunma Sanayii, T\u00fcrkiye merkezli bir ate\u015fli silah \u00fcreticisidir. Yirmi y\u0131l\u0131 a\u015fk\u0131n bir s\u00fcredir t\u00fcm d\u00fcnyaya av t\u00fcfe\u011fi \u00fcretip ihra\u00e7 ediyoruz. Geleneksel ve taktik av t\u00fcfekleri alan\u0131nda uygulamal\u0131 deneyime sahibiz. SASA Group olarak temel amac\u0131m\u0131z m\u00fc\u015fteri memnuniyeti olmakla beraber \u00fcretti\u011fimiz t\u00fcm ate\u015fli silahlar\u0131m\u0131z\u0131n arkas\u0131nday\u0131z.<\/p>\n<p>En iyi ate\u015fli silahlar\u0131 \u00fcretmek, bizim i\u00e7in para kazanmaktan daha \u00f6nemlidir. Av t\u00fcfeklerimiz, ate\u015fli silah end\u00fcstrisindeki en iyi malzemelerden ve par\u00e7alardan yap\u0131lmaktad\u0131r: <a href=\"https:\/\/sasagroupdefence.com\/tr\/pcp\/\">U\u00e7ak s\u0131n\u0131f\u0131<\/a> 7075-T6 Al\u00fcminyum; 4140 \u00c7elik f\u0131\u00e7\u0131lar ve i\u00e7 aksamlar, plastik altl\u0131klar ve yerli kaliteli T\u00fcrk ceviz stoklar\u0131m\u0131z.<\/p>\n<p>Tek amac\u0131m\u0131z maliyeti de\u011fil, en iyisini yapmakt\u0131r, bu nedenle SASA Grup <a href=\"https:\/\/sasagroupdefence.com\/tr\/urunler\/\">Av T\u00fcfe\u011fi<\/a> \u0130malat \u015eirketi&#8217;nin \u00fcst\u00fcn kalitedeki \u00fcr\u00fcnlerine g\u00fcvenebilirsiniz. En iyisini istiyorsan\u0131z, <a href=\"https:\/\/sasagroupdefence.com\/tr\/\">SASA Grup<\/a>\u2019a g\u00fcvenebilirsiniz.<\/p>\n<p>Silah\u0131 \u00e7ok iyi bildi\u011fimiz i\u00e7in \u00fcretti\u011fimiz silah\u0131n arkas\u0131nda durarak onlara %100 destek veriyor ve siz de\u011ferli m\u00fc\u015fterilerimize rakipsiz garanti sunuyoruz. 20 y\u0131l\u0131 a\u015fk\u0131n bir s\u00fcredir silah i\u015finde bulunmaktay\u0131z ve \u00fcr\u00fcnlerimizi m\u00fc\u015fteri memnuniyeti i\u00e7in desteklemek i\u00e7in e\u015fsiz bir itibara <a href=\"https:\/\/www.multiyazilim.com\">sahibiz<\/a>.<\/p>\n<p>Kurumsal<\/p>\n","protected":false},"excerpt":{"rendered":"<p>Kurumsal SASA GRUP Savunma Sanayii, T\u00fcrkiye merkezli bir ate\u015fli silah \u00fcreticisidir. Yirmi y\u0131l\u0131 a\u015fk\u0131n bir s\u00fcredir t\u00fcm d\u00fcnyaya av t\u00fcfe\u011fi \u00fcretip ihra\u00e7 ediyoruz. Geleneksel ve taktik av t\u00fcfekleri alan\u0131nda uygulamal\u0131 deneyime sahibiz. SASA Group olarak temel amac\u0131m\u0131z m\u00fc\u015fteri memnuniyeti olmakla beraber \u00fcretti\u011fimiz t\u00fcm ate\u015fli silahlar\u0131m\u0131z\u0131n arkas\u0131nday\u0131z. En iyi ate\u015fli silahlar\u0131 \u00fcretmek, bizim i\u00e7in para kazanmaktan daha \u00f6nemlidir. Av t\u00fcfeklerimiz, ate\u015fli silah end\u00fcstrisindeki en iyi malzemelerden ve par\u00e7alardan yap\u0131lmaktad\u0131r: U\u00e7ak s\u0131n\u0131f\u0131 7075-T6 Al\u00fcminyum; 4140 \u00c7elik f\u0131\u00e7\u0131lar ve i\u00e7 aksamlar, plastik altl\u0131klar ve yerli kaliteli T\u00fcrk ceviz stoklar\u0131m\u0131z. Tek amac\u0131m\u0131z maliyeti de\u011fil, en iyisini yapmakt\u0131r, bu nedenle SASA Grup Av T\u00fcfe\u011fi \u0130malat \u015eirketi&#8217;nin \u00fcst\u00fcn kalitedeki \u00fcr\u00fcnlerine g\u00fcvenebilirsiniz. En iyisini istiyorsan\u0131z, SASA Grup\u2019a g\u00fcvenebilirsiniz. Silah\u0131 \u00e7ok iyi bildi\u011fimiz i\u00e7in \u00fcretti\u011fimiz silah\u0131n arkas\u0131nda durarak onlara %100 destek veriyor ve siz de\u011ferli m\u00fc\u015fterilerimize rakipsiz garanti sunuyoruz. 20 y\u0131l\u0131 a\u015fk\u0131n bir s\u00fcredir silah i\u015finde bulunmaktay\u0131z ve \u00fcr\u00fcnlerimizi m\u00fc\u015fteri memnuniyeti i\u00e7in desteklemek i\u00e7in e\u015fsiz bir itibara sahibiz. Kurumsal<\/p>\n","protected":false},"author":1,"featured_media":0,"parent":0,"menu_order":0,"comment_status":"closed","ping_status":"closed","template":"","meta":{"_acf_changed":false,"footnotes":""},"class_list":["post-60","page","type-page","status-publish","hentry"],"acf":[],"yoast_head":"<!-- This site is optimized with the Yoast SEO plugin v27.1.1 - https:\/\/yoast.com\/product\/yoast-seo-wordpress\/ -->\n<title>Kurumsal - Sasa Group Defence Industry<\/title>\n<meta name=\"description\" content=\"Kurumsal... SASA Group olarak temel amac\u0131m\u0131z m\u00fc\u015fteri memnuniyeti olmakla beraber \u00fcretti\u011fimiz t\u00fcm ate\u015fli silahlar\u0131m\u0131z\u0131n arkas\u0131nday\u0131z. En iyi\" \/>\n<meta name=\"robots\" content=\"index, follow, max-snippet:-1, max-image-preview:large, max-video-preview:-1\" \/>\n<link rel=\"canonical\" href=\"https:\/\/sasagroupdefence.com\/tr\/kurumsal\/\" \/>\n<meta property=\"og:locale\" content=\"tr_TR\" \/>\n<meta property=\"og:type\" content=\"article\" \/>\n<meta property=\"og:title\" content=\"Kurumsal - Sasa Group Defence Industry\" \/>\n<meta property=\"og:description\" content=\"Kurumsal... SASA Group olarak temel amac\u0131m\u0131z m\u00fc\u015fteri memnuniyeti olmakla beraber \u00fcretti\u011fimiz t\u00fcm ate\u015fli silahlar\u0131m\u0131z\u0131n arkas\u0131nday\u0131z. En iyi\" \/>\n<meta property=\"og:url\" content=\"https:\/\/sasagroupdefence.com\/tr\/kurumsal\/\" \/>\n<meta property=\"og:site_name\" content=\"Sasa Group Defence Industry\" \/>\n<meta property=\"article:modified_time\" content=\"2022-06-21T08:47:33+00:00\" \/>\n<meta property=\"og:image\" content=\"http:\/\/sasagroupdefence.com\/tr\/wp-content\/uploads\/2022\/05\/about-foto-276x300.jpg\" \/>\n<meta name=\"twitter:card\" content=\"summary_large_image\" \/>\n<meta name=\"twitter:label1\" content=\"Tahmini okuma s\u00fcresi\" \/>\n\t<meta name=\"twitter:data1\" content=\"2 dakika\" \/>\n<script type=\"application\/ld+json\" class=\"yoast-schema-graph\">{\"@context\":\"https:\/\/schema.org\",\"@graph\":[{\"@type\":\"WebPage\",\"@id\":\"https:\/\/sasagroupdefence.com\/tr\/kurumsal\/\",\"url\":\"https:\/\/sasagroupdefence.com\/tr\/kurumsal\/\",\"name\":\"Kurumsal - Sasa Group Defence Industry\",\"isPartOf\":{\"@id\":\"https:\/\/sasagroupdefence.com\/tr\/#website\"},\"primaryImageOfPage\":{\"@id\":\"https:\/\/sasagroupdefence.com\/tr\/kurumsal\/#primaryimage\"},\"image\":{\"@id\":\"https:\/\/sasagroupdefence.com\/tr\/kurumsal\/#primaryimage\"},\"thumbnailUrl\":\"http:\/\/sasagroupdefence.com\/tr\/wp-content\/uploads\/2022\/05\/about-foto-276x300.jpg\",\"datePublished\":\"2021-06-28T09:30:01+00:00\",\"dateModified\":\"2022-06-21T08:47:33+00:00\",\"description\":\"Kurumsal... SASA Group olarak temel amac\u0131m\u0131z m\u00fc\u015fteri memnuniyeti olmakla beraber \u00fcretti\u011fimiz t\u00fcm ate\u015fli silahlar\u0131m\u0131z\u0131n arkas\u0131nday\u0131z. En iyi\",\"breadcrumb\":{\"@id\":\"https:\/\/sasagroupdefence.com\/tr\/kurumsal\/#breadcrumb\"},\"inLanguage\":\"tr\",\"potentialAction\":[{\"@type\":\"ReadAction\",\"target\":[\"https:\/\/sasagroupdefence.com\/tr\/kurumsal\/\"]}]},{\"@type\":\"ImageObject\",\"inLanguage\":\"tr\",\"@id\":\"https:\/\/sasagroupdefence.com\/tr\/kurumsal\/#primaryimage\",\"url\":\"http:\/\/sasagroupdefence.com\/tr\/wp-content\/uploads\/2022\/05\/about-foto-276x300.jpg\",\"contentUrl\":\"http:\/\/sasagroupdefence.com\/tr\/wp-content\/uploads\/2022\/05\/about-foto-276x300.jpg\"},{\"@type\":\"BreadcrumbList\",\"@id\":\"https:\/\/sasagroupdefence.com\/tr\/kurumsal\/#breadcrumb\",\"itemListElement\":[{\"@type\":\"ListItem\",\"position\":1,\"name\":\"Anasayfa\",\"item\":\"https:\/\/sasagroupdefence.com\/tr\/\"},{\"@type\":\"ListItem\",\"position\":2,\"name\":\"Kurumsal\"}]},{\"@type\":\"WebSite\",\"@id\":\"https:\/\/sasagroupdefence.com\/tr\/#website\",\"url\":\"https:\/\/sasagroupdefence.com\/tr\/\",\"name\":\"Sasa Group Defence Industry\",\"description\":\"For The Best\",\"publisher\":{\"@id\":\"https:\/\/sasagroupdefence.com\/tr\/#organization\"},\"potentialAction\":[{\"@type\":\"SearchAction\",\"target\":{\"@type\":\"EntryPoint\",\"urlTemplate\":\"https:\/\/sasagroupdefence.com\/tr\/?s={search_term_string}\"},\"query-input\":{\"@type\":\"PropertyValueSpecification\",\"valueRequired\":true,\"valueName\":\"search_term_string\"}}],\"inLanguage\":\"tr\"},{\"@type\":\"Organization\",\"@id\":\"https:\/\/sasagroupdefence.com\/tr\/#organization\",\"name\":\"Sasa Group Defence Industry\",\"url\":\"https:\/\/sasagroupdefence.com\/tr\/\",\"logo\":{\"@type\":\"ImageObject\",\"inLanguage\":\"tr\",\"@id\":\"https:\/\/sasagroupdefence.com\/tr\/#\/schema\/logo\/image\/\",\"url\":\"https:\/\/sasagroupdefence.com\/tr\/wp-content\/uploads\/2022\/05\/logo-2.png\",\"contentUrl\":\"https:\/\/sasagroupdefence.com\/tr\/wp-content\/uploads\/2022\/05\/logo-2.png\",\"width\":200,\"height\":200,\"caption\":\"Sasa Group Defence Industry\"},\"image\":{\"@id\":\"https:\/\/sasagroupdefence.com\/tr\/#\/schema\/logo\/image\/\"}}]}<\/script>\n<!-- \/ Yoast SEO plugin. -->","yoast_head_json":{"title":"Kurumsal - Sasa Group Defence Industry","description":"Kurumsal... SASA Group olarak temel amac\u0131m\u0131z m\u00fc\u015fteri memnuniyeti olmakla beraber \u00fcretti\u011fimiz t\u00fcm ate\u015fli silahlar\u0131m\u0131z\u0131n arkas\u0131nday\u0131z. En iyi","robots":{"index":"index","follow":"follow","max-snippet":"max-snippet:-1","max-image-preview":"max-image-preview:large","max-video-preview":"max-video-preview:-1"},"canonical":"https:\/\/sasagroupdefence.com\/tr\/kurumsal\/","og_locale":"tr_TR","og_type":"article","og_title":"Kurumsal - Sasa Group Defence Industry","og_description":"Kurumsal... SASA Group olarak temel amac\u0131m\u0131z m\u00fc\u015fteri memnuniyeti olmakla beraber \u00fcretti\u011fimiz t\u00fcm ate\u015fli silahlar\u0131m\u0131z\u0131n arkas\u0131nday\u0131z. En iyi","og_url":"https:\/\/sasagroupdefence.com\/tr\/kurumsal\/","og_site_name":"Sasa Group Defence Industry","article_modified_time":"2022-06-21T08:47:33+00:00","og_image":[{"url":"http:\/\/sasagroupdefence.com\/tr\/wp-content\/uploads\/2022\/05\/about-foto-276x300.jpg","type":"","width":"","height":""}],"twitter_card":"summary_large_image","twitter_misc":{"Tahmini okuma s\u00fcresi":"2 dakika"},"schema":{"@context":"https:\/\/schema.org","@graph":[{"@type":"WebPage","@id":"https:\/\/sasagroupdefence.com\/tr\/kurumsal\/","url":"https:\/\/sasagroupdefence.com\/tr\/kurumsal\/","name":"Kurumsal - Sasa Group Defence Industry","isPartOf":{"@id":"https:\/\/sasagroupdefence.com\/tr\/#website"},"primaryImageOfPage":{"@id":"https:\/\/sasagroupdefence.com\/tr\/kurumsal\/#primaryimage"},"image":{"@id":"https:\/\/sasagroupdefence.com\/tr\/kurumsal\/#primaryimage"},"thumbnailUrl":"http:\/\/sasagroupdefence.com\/tr\/wp-content\/uploads\/2022\/05\/about-foto-276x300.jpg","datePublished":"2021-06-28T09:30:01+00:00","dateModified":"2022-06-21T08:47:33+00:00","description":"Kurumsal... SASA Group olarak temel amac\u0131m\u0131z m\u00fc\u015fteri memnuniyeti olmakla beraber \u00fcretti\u011fimiz t\u00fcm ate\u015fli silahlar\u0131m\u0131z\u0131n arkas\u0131nday\u0131z. En iyi","breadcrumb":{"@id":"https:\/\/sasagroupdefence.com\/tr\/kurumsal\/#breadcrumb"},"inLanguage":"tr","potentialAction":[{"@type":"ReadAction","target":["https:\/\/sasagroupdefence.com\/tr\/kurumsal\/"]}]},{"@type":"ImageObject","inLanguage":"tr","@id":"https:\/\/sasagroupdefence.com\/tr\/kurumsal\/#primaryimage","url":"http:\/\/sasagroupdefence.com\/tr\/wp-content\/uploads\/2022\/05\/about-foto-276x300.jpg","contentUrl":"http:\/\/sasagroupdefence.com\/tr\/wp-content\/uploads\/2022\/05\/about-foto-276x300.jpg"},{"@type":"BreadcrumbList","@id":"https:\/\/sasagroupdefence.com\/tr\/kurumsal\/#breadcrumb","itemListElement":[{"@type":"ListItem","position":1,"name":"Anasayfa","item":"https:\/\/sasagroupdefence.com\/tr\/"},{"@type":"ListItem","position":2,"name":"Kurumsal"}]},{"@type":"WebSite","@id":"https:\/\/sasagroupdefence.com\/tr\/#website","url":"https:\/\/sasagroupdefence.com\/tr\/","name":"Sasa Group Defence Industry","description":"For The Best","publisher":{"@id":"https:\/\/sasagroupdefence.com\/tr\/#organization"},"potentialAction":[{"@type":"SearchAction","target":{"@type":"EntryPoint","urlTemplate":"https:\/\/sasagroupdefence.com\/tr\/?s={search_term_string}"},"query-input":{"@type":"PropertyValueSpecification","valueRequired":true,"valueName":"search_term_string"}}],"inLanguage":"tr"},{"@type":"Organization","@id":"https:\/\/sasagroupdefence.com\/tr\/#organization","name":"Sasa Group Defence Industry","url":"https:\/\/sasagroupdefence.com\/tr\/","logo":{"@type":"ImageObject","inLanguage":"tr","@id":"https:\/\/sasagroupdefence.com\/tr\/#\/schema\/logo\/image\/","url":"https:\/\/sasagroupdefence.com\/tr\/wp-content\/uploads\/2022\/05\/logo-2.png","contentUrl":"https:\/\/sasagroupdefence.com\/tr\/wp-content\/uploads\/2022\/05\/logo-2.png","width":200,"height":200,"caption":"Sasa Group Defence Industry"},"image":{"@id":"https:\/\/sasagroupdefence.com\/tr\/#\/schema\/logo\/image\/"}}]}},"_links":{"self":[{"href":"https:\/\/sasagroupdefence.com\/tr\/wp-json\/wp\/v2\/pages\/60","targetHints":{"allow":["GET"]}}],"collection":[{"href":"https:\/\/sasagroupdefence.com\/tr\/wp-json\/wp\/v2\/pages"}],"about":[{"href":"https:\/\/sasagroupdefence.com\/tr\/wp-json\/wp\/v2\/types\/page"}],"author":[{"embeddable":true,"href":"https:\/\/sasagroupdefence.com\/tr\/wp-json\/wp\/v2\/users\/1"}],"replies":[{"embeddable":true,"href":"https:\/\/sasagroupdefence.com\/tr\/wp-json\/wp\/v2\/comments?post=60"}],"version-history":[{"count":5,"href":"https:\/\/sasagroupdefence.com\/tr\/wp-json\/wp\/v2\/pages\/60\/revisions"}],"predecessor-version":[{"id":2341,"href":"https:\/\/sasagroupdefence.com\/tr\/wp-json\/wp\/v2\/pages\/60\/revisions\/2341"}],"wp:attachment":[{"href":"https:\/\/sasagroupdefence.com\/tr\/wp-json\/wp\/v2\/media?parent=60"}],"curies":[{"name":"wp","href":"https:\/\/api.w.org\/{rel}","templated":true}]}}