{"id":56,"date":"2021-06-28T11:50:10","date_gmt":"2021-06-28T08:50:10","guid":{"rendered":"http:\/\/sasagroupdefence.com\/tr\/?page_id=56"},"modified":"2022-06-21T11:52:49","modified_gmt":"2022-06-21T08:52:49","slug":"iletisim","status":"publish","type":"page","link":"https:\/\/sasagroupdefence.com\/tr\/iletisim\/","title":{"rendered":"\u0130leti\u015fim"},"content":{"rendered":"<p>\u0130leti\u015fim SASA GROUP<\/p>\n<p><img loading=\"lazy\" decoding=\"async\" class=\"alignnone size-medium wp-image-1853\" src=\"http:\/\/sasagroupdefence.com\/tr\/wp-content\/uploads\/2022\/05\/favicon-300x300.jpg\" alt=\"iletisim\" width=\"300\" height=\"300\" srcset=\"https:\/\/sasagroupdefence.com\/tr\/wp-content\/uploads\/2022\/05\/favicon-300x300.jpg 300w, https:\/\/sasagroupdefence.com\/tr\/wp-content\/uploads\/2022\/05\/favicon-150x150.jpg 150w, https:\/\/sasagroupdefence.com\/tr\/wp-content\/uploads\/2022\/05\/favicon-105x105.jpg 105w, https:\/\/sasagroupdefence.com\/tr\/wp-content\/uploads\/2022\/05\/favicon.jpg 520w\" sizes=\"auto, (max-width: 300px) 100vw, 300px\" \/><\/p>\n<p>Adres<br \/>\nBayav\u015far Mahallesi, Sanayi Caddesi No:14 &#8211; Bey\u015fehir \/ Konya \/ T\u00dcRK\u0130YE<\/p>\n<p><a href=\"https:\/\/sasagroupdefence.com\/tr\/iletisim\/\">\u0130leti\u015fim<\/a><br \/>\nTelefon: +90 (332) 512 85 80<br \/>\nCep: +90 530 445 85 80 &#8211; +90 530 265 85 80<br \/>\nFaks: +90 (332) 512 85 80<\/p>\n<p>E-Posta<br \/>\ninfo@sasagroupdefence.com<\/p>\n<p><a href=\"https:\/\/www.multiyazilim.com\">MULT\u0130YAZILIM<\/a><\/p>\n","protected":false},"excerpt":{"rendered":"<p>\u0130leti\u015fim SASA GROUP Adres Bayav\u015far Mahallesi, Sanayi Caddesi No:14 &#8211; Bey\u015fehir \/ Konya \/ T\u00dcRK\u0130YE \u0130leti\u015fim Telefon: +90 (332) 512 85 80 Cep: +90 530 445 85 80 &#8211; +90 530 265 85 80 Faks: +90 (332) 512 85 80 E-Posta info@sasagroupdefence.com MULT\u0130YAZILIM<\/p>\n","protected":false},"author":1,"featured_media":0,"parent":0,"menu_order":0,"comment_status":"closed","ping_status":"closed","template":"","meta":{"_acf_changed":false,"footnotes":""},"class_list":["post-56","page","type-page","status-publish","hentry"],"acf":[],"yoast_head":"<!-- This site is optimized with the Yoast SEO plugin v27.1.1 - https:\/\/yoast.com\/product\/yoast-seo-wordpress\/ -->\n<title>\u0130leti\u015fim - Sasa Group Defence Industry<\/title>\n<meta name=\"description\" content=\"\u0130leti\u015fim... -Adres: Bayav\u015far Mahallesi, Sanayi Caddesi No:14 - Bey\u015fehir \/ Konya \/ T\u00dcRK\u0130YE -\u0130leti\u015fim *Telefon: +90 (332) 512 85 80 *Cep:...\" \/>\n<meta name=\"robots\" content=\"index, follow, max-snippet:-1, max-image-preview:large, max-video-preview:-1\" \/>\n<link rel=\"canonical\" href=\"http:\/\/sasagroupdefence.com\/tr\/iletisim\/\" \/>\n<meta property=\"og:locale\" content=\"tr_TR\" \/>\n<meta property=\"og:type\" content=\"article\" \/>\n<meta property=\"og:title\" content=\"\u0130leti\u015fim - Sasa Group Defence Industry\" \/>\n<meta property=\"og:description\" content=\"\u0130leti\u015fim... -Adres: Bayav\u015far Mahallesi, Sanayi Caddesi No:14 - Bey\u015fehir \/ Konya \/ T\u00dcRK\u0130YE -\u0130leti\u015fim *Telefon: +90 (332) 512 85 80 *Cep:...\" \/>\n<meta property=\"og:url\" content=\"http:\/\/sasagroupdefence.com\/tr\/iletisim\/\" \/>\n<meta property=\"og:site_name\" content=\"Sasa Group Defence Industry\" \/>\n<meta property=\"article:modified_time\" content=\"2022-06-21T08:52:49+00:00\" \/>\n<meta property=\"og:image\" content=\"http:\/\/sasagroupdefence.com\/tr\/wp-content\/uploads\/2022\/05\/favicon-300x300.jpg\" \/>\n<meta name=\"twitter:card\" content=\"summary_large_image\" \/>\n<script type=\"application\/ld+json\" class=\"yoast-schema-graph\">{\"@context\":\"https:\/\/schema.org\",\"@graph\":[{\"@type\":\"WebPage\",\"@id\":\"http:\/\/sasagroupdefence.com\/tr\/iletisim\/\",\"url\":\"http:\/\/sasagroupdefence.com\/tr\/iletisim\/\",\"name\":\"\u0130leti\u015fim - Sasa Group Defence Industry\",\"isPartOf\":{\"@id\":\"https:\/\/sasagroupdefence.com\/tr\/#website\"},\"primaryImageOfPage\":{\"@id\":\"http:\/\/sasagroupdefence.com\/tr\/iletisim\/#primaryimage\"},\"image\":{\"@id\":\"http:\/\/sasagroupdefence.com\/tr\/iletisim\/#primaryimage\"},\"thumbnailUrl\":\"http:\/\/sasagroupdefence.com\/tr\/wp-content\/uploads\/2022\/05\/favicon-300x300.jpg\",\"datePublished\":\"2021-06-28T08:50:10+00:00\",\"dateModified\":\"2022-06-21T08:52:49+00:00\",\"description\":\"\u0130leti\u015fim... -Adres: Bayav\u015far Mahallesi, Sanayi Caddesi No:14 - Bey\u015fehir \/ Konya \/ T\u00dcRK\u0130YE -\u0130leti\u015fim *Telefon: +90 (332) 512 85 80 *Cep:...\",\"breadcrumb\":{\"@id\":\"http:\/\/sasagroupdefence.com\/tr\/iletisim\/#breadcrumb\"},\"inLanguage\":\"tr\",\"potentialAction\":[{\"@type\":\"ReadAction\",\"target\":[\"http:\/\/sasagroupdefence.com\/tr\/iletisim\/\"]}]},{\"@type\":\"ImageObject\",\"inLanguage\":\"tr\",\"@id\":\"http:\/\/sasagroupdefence.com\/tr\/iletisim\/#primaryimage\",\"url\":\"http:\/\/sasagroupdefence.com\/tr\/wp-content\/uploads\/2022\/05\/favicon-300x300.jpg\",\"contentUrl\":\"http:\/\/sasagroupdefence.com\/tr\/wp-content\/uploads\/2022\/05\/favicon-300x300.jpg\"},{\"@type\":\"BreadcrumbList\",\"@id\":\"http:\/\/sasagroupdefence.com\/tr\/iletisim\/#breadcrumb\",\"itemListElement\":[{\"@type\":\"ListItem\",\"position\":1,\"name\":\"Anasayfa\",\"item\":\"https:\/\/sasagroupdefence.com\/tr\/\"},{\"@type\":\"ListItem\",\"position\":2,\"name\":\"\u0130leti\u015fim\"}]},{\"@type\":\"WebSite\",\"@id\":\"https:\/\/sasagroupdefence.com\/tr\/#website\",\"url\":\"https:\/\/sasagroupdefence.com\/tr\/\",\"name\":\"Sasa Group Defence Industry\",\"description\":\"For The Best\",\"publisher\":{\"@id\":\"https:\/\/sasagroupdefence.com\/tr\/#organization\"},\"potentialAction\":[{\"@type\":\"SearchAction\",\"target\":{\"@type\":\"EntryPoint\",\"urlTemplate\":\"https:\/\/sasagroupdefence.com\/tr\/?s={search_term_string}\"},\"query-input\":{\"@type\":\"PropertyValueSpecification\",\"valueRequired\":true,\"valueName\":\"search_term_string\"}}],\"inLanguage\":\"tr\"},{\"@type\":\"Organization\",\"@id\":\"https:\/\/sasagroupdefence.com\/tr\/#organization\",\"name\":\"Sasa Group Defence Industry\",\"url\":\"https:\/\/sasagroupdefence.com\/tr\/\",\"logo\":{\"@type\":\"ImageObject\",\"inLanguage\":\"tr\",\"@id\":\"https:\/\/sasagroupdefence.com\/tr\/#\/schema\/logo\/image\/\",\"url\":\"https:\/\/sasagroupdefence.com\/tr\/wp-content\/uploads\/2022\/05\/logo-2.png\",\"contentUrl\":\"https:\/\/sasagroupdefence.com\/tr\/wp-content\/uploads\/2022\/05\/logo-2.png\",\"width\":200,\"height\":200,\"caption\":\"Sasa Group Defence Industry\"},\"image\":{\"@id\":\"https:\/\/sasagroupdefence.com\/tr\/#\/schema\/logo\/image\/\"}}]}<\/script>\n<!-- \/ Yoast SEO plugin. -->","yoast_head_json":{"title":"\u0130leti\u015fim - Sasa Group Defence Industry","description":"\u0130leti\u015fim... -Adres: Bayav\u015far Mahallesi, Sanayi Caddesi No:14 - Bey\u015fehir \/ Konya \/ T\u00dcRK\u0130YE -\u0130leti\u015fim *Telefon: +90 (332) 512 85 80 *Cep:...","robots":{"index":"index","follow":"follow","max-snippet":"max-snippet:-1","max-image-preview":"max-image-preview:large","max-video-preview":"max-video-preview:-1"},"canonical":"http:\/\/sasagroupdefence.com\/tr\/iletisim\/","og_locale":"tr_TR","og_type":"article","og_title":"\u0130leti\u015fim - Sasa Group Defence Industry","og_description":"\u0130leti\u015fim... -Adres: Bayav\u015far Mahallesi, Sanayi Caddesi No:14 - Bey\u015fehir \/ Konya \/ T\u00dcRK\u0130YE -\u0130leti\u015fim *Telefon: +90 (332) 512 85 80 *Cep:...","og_url":"http:\/\/sasagroupdefence.com\/tr\/iletisim\/","og_site_name":"Sasa Group Defence Industry","article_modified_time":"2022-06-21T08:52:49+00:00","og_image":[{"url":"http:\/\/sasagroupdefence.com\/tr\/wp-content\/uploads\/2022\/05\/favicon-300x300.jpg","type":"","width":"","height":""}],"twitter_card":"summary_large_image","schema":{"@context":"https:\/\/schema.org","@graph":[{"@type":"WebPage","@id":"http:\/\/sasagroupdefence.com\/tr\/iletisim\/","url":"http:\/\/sasagroupdefence.com\/tr\/iletisim\/","name":"\u0130leti\u015fim - Sasa Group Defence Industry","isPartOf":{"@id":"https:\/\/sasagroupdefence.com\/tr\/#website"},"primaryImageOfPage":{"@id":"http:\/\/sasagroupdefence.com\/tr\/iletisim\/#primaryimage"},"image":{"@id":"http:\/\/sasagroupdefence.com\/tr\/iletisim\/#primaryimage"},"thumbnailUrl":"http:\/\/sasagroupdefence.com\/tr\/wp-content\/uploads\/2022\/05\/favicon-300x300.jpg","datePublished":"2021-06-28T08:50:10+00:00","dateModified":"2022-06-21T08:52:49+00:00","description":"\u0130leti\u015fim... -Adres: Bayav\u015far Mahallesi, Sanayi Caddesi No:14 - Bey\u015fehir \/ Konya \/ T\u00dcRK\u0130YE -\u0130leti\u015fim *Telefon: +90 (332) 512 85 80 *Cep:...","breadcrumb":{"@id":"http:\/\/sasagroupdefence.com\/tr\/iletisim\/#breadcrumb"},"inLanguage":"tr","potentialAction":[{"@type":"ReadAction","target":["http:\/\/sasagroupdefence.com\/tr\/iletisim\/"]}]},{"@type":"ImageObject","inLanguage":"tr","@id":"http:\/\/sasagroupdefence.com\/tr\/iletisim\/#primaryimage","url":"http:\/\/sasagroupdefence.com\/tr\/wp-content\/uploads\/2022\/05\/favicon-300x300.jpg","contentUrl":"http:\/\/sasagroupdefence.com\/tr\/wp-content\/uploads\/2022\/05\/favicon-300x300.jpg"},{"@type":"BreadcrumbList","@id":"http:\/\/sasagroupdefence.com\/tr\/iletisim\/#breadcrumb","itemListElement":[{"@type":"ListItem","position":1,"name":"Anasayfa","item":"https:\/\/sasagroupdefence.com\/tr\/"},{"@type":"ListItem","position":2,"name":"\u0130leti\u015fim"}]},{"@type":"WebSite","@id":"https:\/\/sasagroupdefence.com\/tr\/#website","url":"https:\/\/sasagroupdefence.com\/tr\/","name":"Sasa Group Defence Industry","description":"For The Best","publisher":{"@id":"https:\/\/sasagroupdefence.com\/tr\/#organization"},"potentialAction":[{"@type":"SearchAction","target":{"@type":"EntryPoint","urlTemplate":"https:\/\/sasagroupdefence.com\/tr\/?s={search_term_string}"},"query-input":{"@type":"PropertyValueSpecification","valueRequired":true,"valueName":"search_term_string"}}],"inLanguage":"tr"},{"@type":"Organization","@id":"https:\/\/sasagroupdefence.com\/tr\/#organization","name":"Sasa Group Defence Industry","url":"https:\/\/sasagroupdefence.com\/tr\/","logo":{"@type":"ImageObject","inLanguage":"tr","@id":"https:\/\/sasagroupdefence.com\/tr\/#\/schema\/logo\/image\/","url":"https:\/\/sasagroupdefence.com\/tr\/wp-content\/uploads\/2022\/05\/logo-2.png","contentUrl":"https:\/\/sasagroupdefence.com\/tr\/wp-content\/uploads\/2022\/05\/logo-2.png","width":200,"height":200,"caption":"Sasa Group Defence Industry"},"image":{"@id":"https:\/\/sasagroupdefence.com\/tr\/#\/schema\/logo\/image\/"}}]}},"_links":{"self":[{"href":"https:\/\/sasagroupdefence.com\/tr\/wp-json\/wp\/v2\/pages\/56","targetHints":{"allow":["GET"]}}],"collection":[{"href":"https:\/\/sasagroupdefence.com\/tr\/wp-json\/wp\/v2\/pages"}],"about":[{"href":"https:\/\/sasagroupdefence.com\/tr\/wp-json\/wp\/v2\/types\/page"}],"author":[{"embeddable":true,"href":"https:\/\/sasagroupdefence.com\/tr\/wp-json\/wp\/v2\/users\/1"}],"replies":[{"embeddable":true,"href":"https:\/\/sasagroupdefence.com\/tr\/wp-json\/wp\/v2\/comments?post=56"}],"version-history":[{"count":5,"href":"https:\/\/sasagroupdefence.com\/tr\/wp-json\/wp\/v2\/pages\/56\/revisions"}],"predecessor-version":[{"id":2394,"href":"https:\/\/sasagroupdefence.com\/tr\/wp-json\/wp\/v2\/pages\/56\/revisions\/2394"}],"wp:attachment":[{"href":"https:\/\/sasagroupdefence.com\/tr\/wp-json\/wp\/v2\/media?parent=56"}],"curies":[{"name":"wp","href":"https:\/\/api.w.org\/{rel}","templated":true}]}}